{"id":382,"date":"2026-01-15T08:51:48","date_gmt":"2026-01-15T08:51:48","guid":{"rendered":"https:\/\/test-gratuito.acquadoctor.it\/?page_id=382"},"modified":"2026-04-01T10:41:10","modified_gmt":"2026-04-01T10:41:10","slug":"negozio","status":"publish","type":"page","link":"https:\/\/quirky-wozniak.104-248-40-33.plesk.page\/index.php\/negozio\/","title":{"rendered":"Negozio"},"content":{"rendered":"\t\t<div data-elementor-type=\"wp-page\" data-elementor-id=\"382\" class=\"elementor elementor-382\" data-elementor-post-type=\"page\">\n\t\t\t\t<div class=\"elementor-element elementor-element-d19d81a e-con-full e-flex e-con e-parent\" data-id=\"d19d81a\" data-element_type=\"container\" data-settings=\"{&quot;background_background&quot;:&quot;classic&quot;}\">\n\t\t\t\t<div class=\"elementor-element elementor-element-46728fc elementor-widget elementor-widget-heading\" data-id=\"46728fc\" data-element_type=\"widget\" data-widget_type=\"heading.default\">\n\t\t\t\t\t<h2 class=\"elementor-heading-title elementor-size-default\">NEGOZIO<\/h2>\t\t\t\t<\/div>\n\t\t\t\t<\/div>\n\t\t<div class=\"elementor-element elementor-element-2251da9 e-flex e-con-boxed e-con e-parent\" data-id=\"2251da9\" data-element_type=\"container\" data-settings=\"{&quot;background_background&quot;:&quot;classic&quot;}\">\n\t\t\t\t\t<div class=\"e-con-inner\">\n\t\t\t\t<div class=\"elementor-element elementor-element-c355ade animated-slow elementor-invisible elementor-widget elementor-widget-heading\" data-id=\"c355ade\" data-element_type=\"widget\" data-settings=\"{&quot;_animation&quot;:&quot;fadeInLeft&quot;,&quot;_animation_delay&quot;:200}\" data-widget_type=\"heading.default\">\n\t\t\t\t\t<h2 class=\"elementor-heading-title elementor-size-default\">Un punto di riferimento a Genova<\/h2>\t\t\t\t<\/div>\n\t\t\t\t<div class=\"elementor-element elementor-element-9d848b8 elementor-widget elementor-widget-text-editor\" data-id=\"9d848b8\" data-element_type=\"widget\" data-widget_type=\"text-editor.default\">\n\t\t\t\t\t\t\t\t\t<p>Acqua Doctor \u00e8 una realt\u00e0 locale, presente sul territorio con un negozio fisico a Genova. Non siamo un servizio remoto n\u00e9 un numero verde: crediamo nel valore del contatto diretto.<\/p><p>Nel nostro punto espositivo Acqua Doctor puoi entrare, parlare con noi, vedere i prodotti dal vivo e ricevere risposte chiare alle tue domande.<\/p>\t\t\t\t\t\t\t\t<\/div>\n\t\t\t\t<div class=\"elementor-element elementor-element-2012cbc elementor-widget elementor-widget-google_maps\" data-id=\"2012cbc\" data-element_type=\"widget\" data-widget_type=\"google_maps.default\">\n\t\t\t\t\t\t\t<div class=\"elementor-custom-embed\">\n\t\t\t<iframe loading=\"lazy\"\n\t\t\t\t\tsrc=\"https:\/\/maps.google.com\/maps?q=Via%20Brignole%20de%20Ferrari%2C%206r%2C%2016125%20Genova%20GE&#038;t=m&#038;z=10&#038;output=embed&#038;iwloc=near\"\n\t\t\t\t\ttitle=\"Via Brignole de Ferrari, 6r, 16125 Genova GE\"\n\t\t\t\t\taria-label=\"Via Brignole de Ferrari, 6r, 16125 Genova GE\"\n\t\t\t><\/iframe>\n\t\t<\/div>\n\t\t\t\t\t\t<\/div>\n\t\t\t\t\t<\/div>\n\t\t\t\t<\/div>\n\t\t<div class=\"elementor-element elementor-element-88254fc e-flex e-con-boxed e-con e-parent\" data-id=\"88254fc\" data-element_type=\"container\" data-settings=\"{&quot;background_background&quot;:&quot;classic&quot;}\">\n\t\t\t\t\t<div class=\"e-con-inner\">\n\t\t\t\t<div class=\"elementor-element elementor-element-7719d29 animated-slow elementor-invisible elementor-widget elementor-widget-heading\" data-id=\"7719d29\" data-element_type=\"widget\" data-settings=\"{&quot;_animation&quot;:&quot;fadeInLeft&quot;,&quot;_animation_delay&quot;:200}\" data-widget_type=\"heading.default\">\n\t\t\t\t\t<h2 class=\"elementor-heading-title elementor-size-default\">In negozio ti offriamo<\/h2>\t\t\t\t<\/div>\n\t\t\t\t<div class=\"elementor-element elementor-element-82964b1 elementor-widget elementor-widget-text-editor\" data-id=\"82964b1\" data-element_type=\"widget\" data-widget_type=\"text-editor.default\">\n\t\t\t\t\t\t\t\t\t<p>Scegliere il punto espositivo Acqua Doctor a Genova significa affidarsi a professionisti del settore, presenti e disponibili, pronti a supportarti con competenza e trasparenza.<\/p>\t\t\t\t\t\t\t\t<\/div>\n\t\t<div class=\"elementor-element elementor-element-c818066 e-con-full e-flex e-con e-child\" data-id=\"c818066\" data-element_type=\"container\">\n\t\t<div class=\"elementor-element elementor-element-8c1a675 e-con-full e-flex e-con e-child\" data-id=\"8c1a675\" data-element_type=\"container\" data-settings=\"{&quot;background_background&quot;:&quot;classic&quot;}\">\n\t\t\t\t<div class=\"elementor-element elementor-element-20b03c8 elementor-widget elementor-widget-heading\" data-id=\"20b03c8\" data-element_type=\"widget\" data-widget_type=\"heading.default\">\n\t\t\t\t\t<h2 class=\"elementor-heading-title elementor-size-default\">Contatto<\/h2>\t\t\t\t<\/div>\n\t\t\t\t<div class=\"elementor-element elementor-element-22241f1 elementor-widget-divider--view-line elementor-widget elementor-widget-divider\" data-id=\"22241f1\" data-element_type=\"widget\" data-widget_type=\"divider.default\">\n\t\t\t\t\t\t\t<div class=\"elementor-divider\">\n\t\t\t<span class=\"elementor-divider-separator\">\n\t\t\t\t\t\t<\/span>\n\t\t<\/div>\n\t\t\t\t\t\t<\/div>\n\t\t\t\t<div class=\"elementor-element elementor-element-1f8f9c3 elementor-widget elementor-widget-text-editor\" data-id=\"1f8f9c3\" data-element_type=\"widget\" data-widget_type=\"text-editor.default\">\n\t\t\t\t\t\t\t\t\t<p>Primo contatto per raccogliere informazioni e dati<\/p>\t\t\t\t\t\t\t\t<\/div>\n\t\t\t\t<\/div>\n\t\t<div class=\"elementor-element elementor-element-9f8fff4 e-con-full e-flex e-con e-child\" data-id=\"9f8fff4\" data-element_type=\"container\" data-settings=\"{&quot;background_background&quot;:&quot;classic&quot;}\">\n\t\t\t\t<div class=\"elementor-element elementor-element-c29d168 elementor-widget elementor-widget-heading\" data-id=\"c29d168\" data-element_type=\"widget\" data-widget_type=\"heading.default\">\n\t\t\t\t\t<h2 class=\"elementor-heading-title elementor-size-default\">Personalizzazione<\/h2>\t\t\t\t<\/div>\n\t\t\t\t<div class=\"elementor-element elementor-element-292c2ce elementor-widget-divider--view-line elementor-widget elementor-widget-divider\" data-id=\"292c2ce\" data-element_type=\"widget\" data-widget_type=\"divider.default\">\n\t\t\t\t\t\t\t<div class=\"elementor-divider\">\n\t\t\t<span class=\"elementor-divider-separator\">\n\t\t\t\t\t\t<\/span>\n\t\t<\/div>\n\t\t\t\t\t\t<\/div>\n\t\t\t\t<div class=\"elementor-element elementor-element-29b03b8 elementor-widget elementor-widget-text-editor\" data-id=\"29b03b8\" data-element_type=\"widget\" data-widget_type=\"text-editor.default\">\n\t\t\t\t\t\t\t\t\t<p>Scelta della soluzione a seguito del test dell&#8217;acqua<\/p>\t\t\t\t\t\t\t\t<\/div>\n\t\t\t\t<\/div>\n\t\t<div class=\"elementor-element elementor-element-fa75c5f e-con-full e-flex e-con e-child\" data-id=\"fa75c5f\" data-element_type=\"container\" data-settings=\"{&quot;background_background&quot;:&quot;classic&quot;}\">\n\t\t\t\t<div class=\"elementor-element elementor-element-9997629 elementor-widget elementor-widget-heading\" data-id=\"9997629\" data-element_type=\"widget\" data-widget_type=\"heading.default\">\n\t\t\t\t\t<h2 class=\"elementor-heading-title elementor-size-default\">Opportunit\u00e0<\/h2>\t\t\t\t<\/div>\n\t\t\t\t<div class=\"elementor-element elementor-element-28e9b09 elementor-widget-divider--view-line elementor-widget elementor-widget-divider\" data-id=\"28e9b09\" data-element_type=\"widget\" data-widget_type=\"divider.default\">\n\t\t\t\t\t\t\t<div class=\"elementor-divider\">\n\t\t\t<span class=\"elementor-divider-separator\">\n\t\t\t\t\t\t<\/span>\n\t\t<\/div>\n\t\t\t\t\t\t<\/div>\n\t\t\t\t<div class=\"elementor-element elementor-element-96ddc24 elementor-widget elementor-widget-text-editor\" data-id=\"96ddc24\" data-element_type=\"widget\" data-widget_type=\"text-editor.default\">\n\t\t\t\t\t\t\t\t\t<p>Possibilit\u00e0 di valutare prodotti e soluzioni in modo concreto<\/p>\t\t\t\t\t\t\t\t<\/div>\n\t\t\t\t<\/div>\n\t\t<div class=\"elementor-element elementor-element-dbf142c e-con-full e-flex e-con e-child\" data-id=\"dbf142c\" data-element_type=\"container\" data-settings=\"{&quot;background_background&quot;:&quot;classic&quot;}\">\n\t\t\t\t<div class=\"elementor-element elementor-element-153ce0b elementor-widget elementor-widget-heading\" data-id=\"153ce0b\" data-element_type=\"widget\" data-widget_type=\"heading.default\">\n\t\t\t\t\t<h2 class=\"elementor-heading-title elementor-size-default\">Efficienza<\/h2>\t\t\t\t<\/div>\n\t\t\t\t<div class=\"elementor-element elementor-element-95acf6b elementor-widget-divider--view-line elementor-widget elementor-widget-divider\" data-id=\"95acf6b\" data-element_type=\"widget\" data-widget_type=\"divider.default\">\n\t\t\t\t\t\t\t<div class=\"elementor-divider\">\n\t\t\t<span class=\"elementor-divider-separator\">\n\t\t\t\t\t\t<\/span>\n\t\t<\/div>\n\t\t\t\t\t\t<\/div>\n\t\t\t\t<div class=\"elementor-element elementor-element-3732676 elementor-widget elementor-widget-text-editor\" data-id=\"3732676\" data-element_type=\"widget\" data-widget_type=\"text-editor.default\">\n\t\t\t\t\t\t\t\t\t<p>Assistenza immediata, senza intermediari<\/p>\t\t\t\t\t\t\t\t<\/div>\n\t\t\t\t<\/div>\n\t\t\t\t<\/div>\n\t\t\t\t\t<\/div>\n\t\t\t\t<\/div>\n\t\t\t\t<\/div>\n\t\t","protected":false},"excerpt":{"rendered":"<p>NEGOZIO Un punto di riferimento a Genova Acqua Doctor \u00e8 una realt\u00e0 locale, presente sul territorio con un negozio fisico a Genova. Non siamo un servizio remoto n\u00e9 un numero verde: crediamo nel valore del contatto diretto. Nel nostro punto espositivo Acqua Doctor puoi entrare, parlare con noi, vedere i prodotti dal vivo e ricevere [&hellip;]<\/p>\n","protected":false},"author":1,"featured_media":0,"parent":0,"menu_order":0,"comment_status":"closed","ping_status":"closed","template":"elementor_header_footer","meta":{"footnotes":""},"class_list":["post-382","page","type-page","status-publish","hentry","entry"],"_links":{"self":[{"href":"https:\/\/quirky-wozniak.104-248-40-33.plesk.page\/index.php\/wp-json\/wp\/v2\/pages\/382","targetHints":{"allow":["GET"]}}],"collection":[{"href":"https:\/\/quirky-wozniak.104-248-40-33.plesk.page\/index.php\/wp-json\/wp\/v2\/pages"}],"about":[{"href":"https:\/\/quirky-wozniak.104-248-40-33.plesk.page\/index.php\/wp-json\/wp\/v2\/types\/page"}],"author":[{"embeddable":true,"href":"https:\/\/quirky-wozniak.104-248-40-33.plesk.page\/index.php\/wp-json\/wp\/v2\/users\/1"}],"replies":[{"embeddable":true,"href":"https:\/\/quirky-wozniak.104-248-40-33.plesk.page\/index.php\/wp-json\/wp\/v2\/comments?post=382"}],"version-history":[{"count":73,"href":"https:\/\/quirky-wozniak.104-248-40-33.plesk.page\/index.php\/wp-json\/wp\/v2\/pages\/382\/revisions"}],"predecessor-version":[{"id":1775,"href":"https:\/\/quirky-wozniak.104-248-40-33.plesk.page\/index.php\/wp-json\/wp\/v2\/pages\/382\/revisions\/1775"}],"wp:attachment":[{"href":"https:\/\/quirky-wozniak.104-248-40-33.plesk.page\/index.php\/wp-json\/wp\/v2\/media?parent=382"}],"curies":[{"name":"wp","href":"https:\/\/api.w.org\/{rel}","templated":true}]}}